 {"id":108,"date":"2024-06-19T18:18:26","date_gmt":"2024-06-19T18:18:26","guid":{"rendered":"https:\/\/cremeriasdelbarrio.com\/?page_id=108"},"modified":"2024-07-01T23:27:17","modified_gmt":"2024-07-01T23:27:17","slug":"faqs","status":"publish","type":"page","link":"https:\/\/cremeriasdelbarrio.com\/index.php\/faqs\/","title":{"rendered":"FAQ\u00b4S"},"content":{"rendered":"\n<ol class=\"wp-block-list\">\n<li><strong>No me dieron mi ticket y necesito facturar, <\/strong><strong>\u00bfqu\u00e9 puedo hacer?<\/strong><\/li>\n<\/ol>\n\n\n\n<p>Para poder obtener la factura deber\u00e1s solicitarla enviando un mensaje v\u00eda WhatsApp al tel\u00e9fono <a href=\"https:\/\/wa.me\/message\/G2TD3FRVKBDCA1\">56 <\/a>43696927 durante el mes que hiciste tu consumo.<\/p>\n\n\n\n<ol class=\"wp-block-list\" start=\"2\">\n<li><strong>\u00bfPuedo proveer de sus productos para el servicio que ofrezco?<\/strong><\/li>\n<\/ol>\n\n\n\n<p>Claro, por favor env\u00eda la informaci\u00f3n de tu servicio a: <a href=\"mailto:contacto@grupoferzate.com\">contacto@grupoferzate.com<\/a> y en breve se pondr\u00e1n en contacto contigo.&nbsp;<\/p>\n\n\n\n<ol class=\"wp-block-list\" start=\"3\">\n<li><strong>\u00bfLos productos de Cremer\u00edas Deli Barrio son mexicanos?<\/strong><\/li>\n<\/ol>\n\n\n\n<p>Si, adem\u00e1s de frescos y deliciosos son elaborados por productores 100% mexicanos.&nbsp;&nbsp;&nbsp;&nbsp;&nbsp;&nbsp;<\/p>\n\n\n\n<ol class=\"wp-block-list\" start=\"4\">\n<li><strong>\u00bfQu\u00e9 protocolos implementan con la llegada del COVID-19?<\/strong><\/li>\n<\/ol>\n\n\n\n<p>Reforzamos las medidas de higiene en los trabajadores, desinfectando \u00e1reas y herramientas de manejo de producto con mayor frecuencia, as\u00ed como con la recepci\u00f3n de insumos, que pasa por un proceso de sanitizaci\u00f3n, al ingreso y salida de turno, se lleva un registro de toma de temperatura de todos nuestros colaboradores.<\/p>\n\n\n\n<p>Todos nuestros colaboradores proporcionan gel antibacterial a todos los clientes, y revisi\u00f3n del uso de cubrebocas al iniciar y finalizar el servicio.<\/p>\n\n\n\n<p>\u00a1Te cuidas t\u00fa, nos cuidamos todos!<\/p>\n\n\n\n<ol class=\"wp-block-list\" start=\"5\">\n<li><strong>\u00bfCuentan con servicio a domicilio?<\/strong><\/li>\n<\/ol>\n\n\n\n<p>Estamos en plataformas Delivery, te compartimos nuestra tienda en <strong>Rappi <\/strong>para que puedas realizar tu pedido, dando clic <a href=\"https:\/\/www.rappi.com.mx\/tiendas\/1930047368-cremerasdelbarrio-mt-nc\">Rappi<\/a><\/p>\n\n\n\n<ol class=\"wp-block-list\" start=\"6\">\n<li><strong>\u00bfTodas las sucursales manejan el mismo horario?<\/strong><\/li>\n<\/ol>\n\n\n\n<p>Da click aqu\u00ed <a href=\"https:\/\/cremeriasdelbarrio.com\/index.php\/sucursales\/\">SUCURSALES<\/a> para conocer el horario de la sucursal de tu preferencia.<\/p>\n\n\n\n<ol class=\"wp-block-list\" start=\"7\">\n<li><strong>\u00bfQu\u00e9 tengo que hacer para trabajar en Cremer\u00edas Deli Barrio?<\/strong><\/li>\n<\/ol>\n\n\n\n<p>Para conocer requisitos y vacantes disponibles en el equipo de Cremer\u00edas del Barrio cont\u00e1ctanos en: <a href=\"mailto:contacto@grupoferzate.com\">contacto@grupoferzate.com<\/a><\/p>\n\n\n\n<ol class=\"wp-block-list\" start=\"8\">\n<li><strong>\u00bfQu\u00e9 requisitos necesito para abrir una franquicia?<\/strong><\/li>\n<\/ol>\n\n\n\n<p>Para conocer m\u00e1s informaci\u00f3n sobre requisitos, propuestas, y temas financieros de franquicias da click aqu\u00ed <a href=\"https:\/\/cremeriasdelbarrio.com\/index.php\/franquicias\/\">Franquicias<\/a> llena el formulario y un ejecutivo de ventas se pondr\u00e1 en contacto contigo.<\/p>\n","protected":false},"excerpt":{"rendered":"<p>Para poder obtener la factura deber\u00e1s solicitarla enviando un mensaje v\u00eda WhatsApp al tel\u00e9fono 56 43696927 durante el mes que hiciste tu consumo. Claro, por favor env\u00eda la informaci\u00f3n de tu servicio a: contacto@grupoferzate.com y en breve se pondr\u00e1n en contacto contigo.&nbsp; Si, adem\u00e1s de frescos y deliciosos son elaborados por productores 100% mexicanos.&nbsp;&nbsp;&nbsp;&nbsp;&nbsp;&nbsp; Reforzamos [&hellip;]<\/p>\n","protected":false},"author":1,"featured_media":0,"parent":0,"menu_order":0,"comment_status":"closed","ping_status":"closed","template":"","meta":{"footnotes":""},"class_list":["post-108","page","type-page","status-publish","hentry"],"_links":{"self":[{"href":"https:\/\/cremeriasdelbarrio.com\/index.php\/wp-json\/wp\/v2\/pages\/108","targetHints":{"allow":["GET"]}}],"collection":[{"href":"https:\/\/cremeriasdelbarrio.com\/index.php\/wp-json\/wp\/v2\/pages"}],"about":[{"href":"https:\/\/cremeriasdelbarrio.com\/index.php\/wp-json\/wp\/v2\/types\/page"}],"author":[{"embeddable":true,"href":"https:\/\/cremeriasdelbarrio.com\/index.php\/wp-json\/wp\/v2\/users\/1"}],"replies":[{"embeddable":true,"href":"https:\/\/cremeriasdelbarrio.com\/index.php\/wp-json\/wp\/v2\/comments?post=108"}],"version-history":[{"count":3,"href":"https:\/\/cremeriasdelbarrio.com\/index.php\/wp-json\/wp\/v2\/pages\/108\/revisions"}],"predecessor-version":[{"id":130,"href":"https:\/\/cremeriasdelbarrio.com\/index.php\/wp-json\/wp\/v2\/pages\/108\/revisions\/130"}],"wp:attachment":[{"href":"https:\/\/cremeriasdelbarrio.com\/index.php\/wp-json\/wp\/v2\/media?parent=108"}],"curies":[{"name":"wp","href":"https:\/\/api.w.org\/{rel}","templated":true}]}}