 {"id":3,"date":"2024-06-07T17:41:56","date_gmt":"2024-06-07T17:41:56","guid":{"rendered":"https:\/\/cremeriasdelbarrio.com\/?page_id=3"},"modified":"2024-06-19T17:54:35","modified_gmt":"2024-06-19T17:54:35","slug":"privacy-policy","status":"publish","type":"page","link":"https:\/\/cremeriasdelbarrio.com\/index.php\/privacy-policy\/","title":{"rendered":"AVISO DE PRIVACIDAD"},"content":{"rendered":"\n<h2 class=\"wp-block-heading\"><\/h2>\n\n\n\n<h2 class=\"wp-block-heading\"><\/h2>\n\n\n\n<p><strong>\u201cGRUPO COMERCIAL FERZATE\u201d, SOCIEDAD ANONIMA DE CAPITAL VARIABLE y CREMER\u00cdAS DELI BARRIO<\/strong>, con domicilio en Calle Juan Aldama, Colonia Guadalupe del Moral, Alcald\u00eda Iztapalapa, Ciudad de M\u00e9xico. Es el responsable del uso y protecci\u00f3n de sus datos personales, y al respecto le informamos lo siguiente:<\/p>\n\n\n\n<p>Los datos personales que recabamos de usted, los utilizaremos para las siguientes finalidades que son necesarias para el servicio que solicita:<\/p>\n\n\n\n<ul class=\"wp-block-list\">\n<li><strong><em>Proporcionarle los productos que solicite.<\/em><\/strong><\/li>\n\n\n\n<li>\u00a0<strong><em>Identificarlo y contactarlo.\u00a0<\/em><\/strong><\/li>\n\n\n\n<li><strong><em>Valorar su identidad.<\/em><\/strong><\/li>\n\n\n\n<li><strong><em>Atenci\u00f3n y seguimiento de sus dudas, aclaraciones, quejas y  sugerencias.\u00a0<\/em><\/strong><\/li>\n<\/ul>\n\n\n\n<p>De manera adicional, utilizaremos su informaci\u00f3n personal para las siguientes finalidades que <strong>no son necesarias<\/strong> para el servicio solicitado, pero que nos permiten y facilitan brindarle una mejor atenci\u00f3n:<\/p>\n\n\n\n<ul class=\"wp-block-list\">\n<li><strong><em>Elaborar y mantener actualizada nuestra base de datos de clientes y prospectos a clientes.\u00a0<\/em><\/strong><\/li>\n\n\n\n<li><strong><em>Realizar actividades de promoci\u00f3n, mercadol\u00f3gicas, publicitarias y de prospecci\u00f3n comercial.<\/em><\/strong><\/li>\n<\/ul>\n\n\n\n<p>En caso de que no desee que sus datos personales sean tratados para estos fines adicionales, desde este momento puede comunicar lo anterior, negando su consentimiento desde este momento enviando su solicitud v\u00eda correo electr\u00f3nico a contacto@grupoferzate.com en la antes mencionada, le indicar\u00e1n el proceso a seguir para el ejercicio de su derecho en cumplimiento a la ley federal de protecci\u00f3n de datos personales en posesi\u00f3n de particulares.&nbsp;<\/p>\n\n\n\n<p>La negativa para el uso de sus datos personales para estas finalidades no podr\u00e1 ser un motivo para que les sean negados los servicios y productos que solicita o contrata con nosotros.<\/p>\n\n\n\n<p>Para llevar a cabo las finalidades descritas en el presente aviso de privacidad, utilizaremos los siguientes datos personales:<\/p>\n\n\n\n<ul class=\"wp-block-list\">\n<li>Datos de identificaci\u00f3n.<\/li>\n\n\n\n<li>Datos de contacto.\u00a0<\/li>\n\n\n\n<li>Datos patrimoniales o financieros.<\/li>\n<\/ul>\n\n\n\n<p>Adem\u00e1s de los datos personales mencionados anteriormente, para las finalidades informadas en el presente aviso de privacidad utilizaremos los siguientes datos personales considerados como sensibles, que requieren de especial protecci\u00f3n:&nbsp;<\/p>\n\n\n\n<ul class=\"wp-block-list\">\n<li>Datos de geolocalizaci\u00f3n.\u00a0<\/li>\n<\/ul>\n\n\n\n<p>Tiene derecho a conocer qu\u00e9 datos personales tenemos de usted, para qu\u00e9 los utilizamos y las condiciones del uso que les damos (acceso). As\u00ed mismo, es su derecho solicitar la correcci\u00f3n de su informaci\u00f3n personal en caso de que est\u00e9 desactualizada, sea inexacta o incompleta (rectificaci\u00f3n); que la eliminemos de nuestros registros o bases de datos cuando considere que la misma no est\u00e1 siendo utilizada conforme a los principios, deberes y obligaciones previstas en la normativa (cancelaci\u00f3n); as\u00ed como oponerse al uso de sus datos personales para fines espec\u00edficos (oposici\u00f3n). Estos derechos se conocen como derechos ARCO.<\/p>\n\n\n\n<p>Para el ejercicio de cualquiera de los derechos ARCO, usted deber\u00e1 presentar la solicitud respectiva en&nbsp; contacto@grupoferzate.com en donde le inform\u00e1remos sobre el procedimiento, requisitos, plazos de respuesta, la forma en que haremos efectivo tu derecho, y atender\u00e1 cualquier duda, queja o comentario que tenga al respecto.<\/p>\n\n\n\n<p>Usted puede revocar el consentimiento que, en su caso, nos haya otorgado para el tratamiento de sus datos personales. Sin embargo, es importante que tenga en cuenta que no en todos los casos podremos atender su solicitud o concluir el uso de forma inmediata, ya que es posible que por alguna obligaci\u00f3n legal requiramos seguir tratando sus datos personales. As\u00ed mismo, usted deber\u00e1 considerar que para ciertos fines, la revocaci\u00f3n de su consentimiento implicar\u00e1 que no le podamos seguir prestando el servicio que nos solicit\u00f3, o la conclusi\u00f3n de su relaci\u00f3n con nosotros.<\/p>\n\n\n\n<p>Para revocar su consentimiento deber\u00e1 presentar su solicitud en contacto@grupoferzate.com,<\/p>\n\n\n\n<p>Para conocer el procedimiento y requisitos para la revocaci\u00f3n del consentimiento, usted podr\u00e1 llamar al siguiente n\u00famero telef\u00f3nico: (56) 43696927 \u00f3 ingresar a nuestro sitio de Internet o bien ponerse en contacto con nuestro Departamento de Privacidad.<\/p>\n\n\n\n<p>Con objeto de que usted pueda limitar el uso y divulgaci\u00f3n de su informaci\u00f3n personal, le ofrecemos los siguientes medios:<\/p>\n\n\n\n<p>\u00b7 &nbsp; &nbsp; &nbsp; &nbsp; Su inscripci\u00f3n en el Registro P\u00fablico para Evitar Publicidad, que est\u00e1 a cargo de la Procuradur\u00eda Federal del Consumidor, con la finalidad de que sus datos personales no sean utilizados para recibir publicidad o promociones de empresas de bienes o servicios. Para m\u00e1s informaci\u00f3n sobre este registro, usted puede consultar el portal de Internet de la PROFECO, o bien ponerse en contacto directo con \u00e9sta.<\/p>\n\n\n\n<p>Le informamos que en nuestra p\u00e1gina de Internet utilizamos <em>cookies<\/em>, <em>web beacons<\/em> y otras tecnolog\u00edas a trav\u00e9s de las cuales es posible monitorear su comportamiento como usuario de Internet, as\u00ed como brindarle un mejor servicio y experiencia de usuario al navegar en nuestra p\u00e1gina, as\u00ed como ofrecerle nuevos productos y servicios basados en sus preferencias.&nbsp;<\/p>\n\n\n\n<p>El presente aviso de privacidad puede sufrir modificaciones, cambios o actualizaciones derivadas de nuevos requerimientos legales, de nuestras propias necesidades por los productos o servicios que ofrecemos, de nuestras pr\u00e1cticas de privacidad, de cambios en nuestro modelo de negocio, o por otras causas.<\/p>\n\n\n\n<p>Nos comprometemos a mantenerlo informado sobre los cambios que pueda sufrir el presente aviso de privacidad, a trav\u00e9s del siguiente correo electr\u00f3nico: contacto@grupoferzate.com,<\/p>\n\n\n\n<p><strong>ATENTAMENTE:<\/strong><\/p>\n\n\n\n<p><strong>\u201cGRUPO COMERCIAL FERZATE\u201d SOCIEDAD ANONIMA DE CAPITAL VARIABLE y CREMER\u00cdAS DELI BARRIO<\/strong><\/p>\n","protected":false},"excerpt":{"rendered":"<p>\u201cGRUPO COMERCIAL FERZATE\u201d, SOCIEDAD ANONIMA DE CAPITAL VARIABLE y CREMER\u00cdAS DELI BARRIO, con domicilio en Calle Juan Aldama, Colonia Guadalupe del Moral, Alcald\u00eda Iztapalapa, Ciudad de M\u00e9xico. Es el responsable del uso y protecci\u00f3n de sus datos personales, y al respecto le informamos lo siguiente: Los datos personales que recabamos de usted, los utilizaremos para [&hellip;]<\/p>\n","protected":false},"author":1,"featured_media":0,"parent":0,"menu_order":0,"comment_status":"closed","ping_status":"closed","template":"","meta":{"footnotes":""},"class_list":["post-3","page","type-page","status-publish","hentry"],"_links":{"self":[{"href":"https:\/\/cremeriasdelbarrio.com\/index.php\/wp-json\/wp\/v2\/pages\/3","targetHints":{"allow":["GET"]}}],"collection":[{"href":"https:\/\/cremeriasdelbarrio.com\/index.php\/wp-json\/wp\/v2\/pages"}],"about":[{"href":"https:\/\/cremeriasdelbarrio.com\/index.php\/wp-json\/wp\/v2\/types\/page"}],"author":[{"embeddable":true,"href":"https:\/\/cremeriasdelbarrio.com\/index.php\/wp-json\/wp\/v2\/users\/1"}],"replies":[{"embeddable":true,"href":"https:\/\/cremeriasdelbarrio.com\/index.php\/wp-json\/wp\/v2\/comments?post=3"}],"version-history":[{"count":1,"href":"https:\/\/cremeriasdelbarrio.com\/index.php\/wp-json\/wp\/v2\/pages\/3\/revisions"}],"predecessor-version":[{"id":66,"href":"https:\/\/cremeriasdelbarrio.com\/index.php\/wp-json\/wp\/v2\/pages\/3\/revisions\/66"}],"wp:attachment":[{"href":"https:\/\/cremeriasdelbarrio.com\/index.php\/wp-json\/wp\/v2\/media?parent=3"}],"curies":[{"name":"wp","href":"https:\/\/api.w.org\/{rel}","templated":true}]}}