 {"id":81,"date":"2024-06-19T18:16:31","date_gmt":"2024-06-19T18:16:31","guid":{"rendered":"https:\/\/cremeriasdelbarrio.com\/?page_id=81"},"modified":"2024-07-16T01:13:10","modified_gmt":"2024-07-16T01:13:10","slug":"recetario","status":"publish","type":"page","link":"https:\/\/cremeriasdelbarrio.com\/index.php\/recetario\/","title":{"rendered":"RECETARIO"},"content":{"rendered":"\n<p class=\"has-text-align-center\">Descarga gratis los <strong>Recetarios de Cremer\u00edas Deli Barrio.<\/strong><\/p>\n\n\n\n<p class=\"has-text-align-center\">Prepara platillos incre\u00edbles con productos frescos y de la mejor calidad para toda ocasi\u00f3n y temporada.<\/p>\n\n\n\n<div data-wp-interactive=\"core\/file\" class=\"wp-block-file aligncenter\"><object data-wp-bind--hidden=\"!state.hasPdfPreview\" hidden class=\"wp-block-file__embed\" data=\"https:\/\/cremeriasdelbarrio.com\/wp-content\/uploads\/2024\/07\/RECETARIO_CREMERIAS_DEL_BARRIO_MAYO_2022-comprimido.pdf\" type=\"application\/pdf\" style=\"width:100%;height:740px\" aria-label=\"Incrustado de RECETARIO CREMERIAS DELI BARRIO.\"><\/object><a id=\"wp-block-file--media-2ffbbabd-437c-4549-b02e-b344eb6f6c7f\" href=\"https:\/\/cremeriasdelbarrio.com\/wp-content\/uploads\/2024\/07\/RECETARIO_CREMERIAS_DEL_BARRIO_MAYO_2022-comprimido.pdf\">RECETARIO CREMERIAS DELI BARRIO<\/a><a href=\"https:\/\/cremeriasdelbarrio.com\/wp-content\/uploads\/2024\/07\/RECETARIO_CREMERIAS_DEL_BARRIO_MAYO_2022-comprimido.pdf\" class=\"wp-block-file__button wp-element-button\" download aria-describedby=\"wp-block-file--media-2ffbbabd-437c-4549-b02e-b344eb6f6c7f\">Descarga<\/a><\/div>\n","protected":false},"excerpt":{"rendered":"<p>Descarga gratis los Recetarios de Cremer\u00edas Deli Barrio. Prepara platillos incre\u00edbles con productos frescos y de la mejor calidad para toda ocasi\u00f3n y temporada.<\/p>\n","protected":false},"author":1,"featured_media":0,"parent":0,"menu_order":0,"comment_status":"closed","ping_status":"closed","template":"","meta":{"footnotes":""},"class_list":["post-81","page","type-page","status-publish","hentry"],"_links":{"self":[{"href":"https:\/\/cremeriasdelbarrio.com\/index.php\/wp-json\/wp\/v2\/pages\/81","targetHints":{"allow":["GET"]}}],"collection":[{"href":"https:\/\/cremeriasdelbarrio.com\/index.php\/wp-json\/wp\/v2\/pages"}],"about":[{"href":"https:\/\/cremeriasdelbarrio.com\/index.php\/wp-json\/wp\/v2\/types\/page"}],"author":[{"embeddable":true,"href":"https:\/\/cremeriasdelbarrio.com\/index.php\/wp-json\/wp\/v2\/users\/1"}],"replies":[{"embeddable":true,"href":"https:\/\/cremeriasdelbarrio.com\/index.php\/wp-json\/wp\/v2\/comments?post=81"}],"version-history":[{"count":8,"href":"https:\/\/cremeriasdelbarrio.com\/index.php\/wp-json\/wp\/v2\/pages\/81\/revisions"}],"predecessor-version":[{"id":237,"href":"https:\/\/cremeriasdelbarrio.com\/index.php\/wp-json\/wp\/v2\/pages\/81\/revisions\/237"}],"wp:attachment":[{"href":"https:\/\/cremeriasdelbarrio.com\/index.php\/wp-json\/wp\/v2\/media?parent=81"}],"curies":[{"name":"wp","href":"https:\/\/api.w.org\/{rel}","templated":true}]}}