 {"id":90,"date":"2024-06-19T18:17:07","date_gmt":"2024-06-19T18:17:07","guid":{"rendered":"https:\/\/cremeriasdelbarrio.com\/?page_id=90"},"modified":"2024-06-19T18:28:04","modified_gmt":"2024-06-19T18:28:04","slug":"vision","status":"publish","type":"page","link":"https:\/\/cremeriasdelbarrio.com\/index.php\/vision\/","title":{"rendered":"VISI\u00d3N"},"content":{"rendered":"\n<p>Nos proyectamos como <strong>l\u00edder y modelo a seguir <\/strong>en el segmento de <strong>franquicias,<\/strong> caracterizados por nuestro modelo de negocio de baja inversi\u00f3n con alto rendimiento e inmune a cualquier circunstancia y acontecimiento social, por manejar art\u00edculos de primera necesidad, destacando por nuestro <strong>servicio, variedad y calidad<\/strong> de productos, todo esto consolidado por la <strong>satisfacci\u00f3n<\/strong> de miles de emprendedores mexicanos.<\/p>\n","protected":false},"excerpt":{"rendered":"<p>Nos proyectamos como l\u00edder y modelo a seguir en el segmento de franquicias, caracterizados por nuestro modelo de negocio de baja inversi\u00f3n con alto rendimiento e inmune a cualquier circunstancia y acontecimiento social, por manejar art\u00edculos de primera necesidad, destacando por nuestro servicio, variedad y calidad de productos, todo esto consolidado por la satisfacci\u00f3n de [&hellip;]<\/p>\n","protected":false},"author":1,"featured_media":0,"parent":0,"menu_order":0,"comment_status":"closed","ping_status":"closed","template":"","meta":{"footnotes":""},"class_list":["post-90","page","type-page","status-publish","hentry"],"_links":{"self":[{"href":"https:\/\/cremeriasdelbarrio.com\/index.php\/wp-json\/wp\/v2\/pages\/90","targetHints":{"allow":["GET"]}}],"collection":[{"href":"https:\/\/cremeriasdelbarrio.com\/index.php\/wp-json\/wp\/v2\/pages"}],"about":[{"href":"https:\/\/cremeriasdelbarrio.com\/index.php\/wp-json\/wp\/v2\/types\/page"}],"author":[{"embeddable":true,"href":"https:\/\/cremeriasdelbarrio.com\/index.php\/wp-json\/wp\/v2\/users\/1"}],"replies":[{"embeddable":true,"href":"https:\/\/cremeriasdelbarrio.com\/index.php\/wp-json\/wp\/v2\/comments?post=90"}],"version-history":[{"count":2,"href":"https:\/\/cremeriasdelbarrio.com\/index.php\/wp-json\/wp\/v2\/pages\/90\/revisions"}],"predecessor-version":[{"id":119,"href":"https:\/\/cremeriasdelbarrio.com\/index.php\/wp-json\/wp\/v2\/pages\/90\/revisions\/119"}],"wp:attachment":[{"href":"https:\/\/cremeriasdelbarrio.com\/index.php\/wp-json\/wp\/v2\/media?parent=90"}],"curies":[{"name":"wp","href":"https:\/\/api.w.org\/{rel}","templated":true}]}}