 {"id":93,"date":"2024-06-19T18:17:20","date_gmt":"2024-06-19T18:17:20","guid":{"rendered":"https:\/\/cremeriasdelbarrio.com\/?page_id=93"},"modified":"2024-06-19T18:27:19","modified_gmt":"2024-06-19T18:27:19","slug":"mision","status":"publish","type":"page","link":"https:\/\/cremeriasdelbarrio.com\/index.php\/mision\/","title":{"rendered":"MISI\u00d3N"},"content":{"rendered":"\n<p>La raz\u00f3n de ser de <strong>Cremer\u00edas Deli Barrio<\/strong> es la de <strong>acercar y ofrecer<\/strong> al consumidor <strong>insumos de primera mano<\/strong> como l\u00e1cteos, abarrotes, salchichoner\u00eda, carnes fr\u00edas, y con la ventaja de contar con una l\u00ednea propia de productos, priorizando siempre la <strong>calidad y variedad <\/strong>de estos, con el objetivo de satisfacer las necesidades de las <strong>familias mexicanas,<\/strong> mediante un <strong>excelente trato<\/strong> y disponibilidad en nuestro servicio, adem\u00e1s de contribuir y fomentar el <strong>consumo local<\/strong>.<\/p>\n","protected":false},"excerpt":{"rendered":"<p>La raz\u00f3n de ser de Cremer\u00edas Deli Barrio es la de acercar y ofrecer al consumidor insumos de primera mano como l\u00e1cteos, abarrotes, salchichoner\u00eda, carnes fr\u00edas, y con la ventaja de contar con una l\u00ednea propia de productos, priorizando siempre la calidad y variedad de estos, con el objetivo de satisfacer las necesidades de las [&hellip;]<\/p>\n","protected":false},"author":1,"featured_media":0,"parent":0,"menu_order":0,"comment_status":"closed","ping_status":"closed","template":"","meta":{"footnotes":""},"class_list":["post-93","page","type-page","status-publish","hentry"],"_links":{"self":[{"href":"https:\/\/cremeriasdelbarrio.com\/index.php\/wp-json\/wp\/v2\/pages\/93","targetHints":{"allow":["GET"]}}],"collection":[{"href":"https:\/\/cremeriasdelbarrio.com\/index.php\/wp-json\/wp\/v2\/pages"}],"about":[{"href":"https:\/\/cremeriasdelbarrio.com\/index.php\/wp-json\/wp\/v2\/types\/page"}],"author":[{"embeddable":true,"href":"https:\/\/cremeriasdelbarrio.com\/index.php\/wp-json\/wp\/v2\/users\/1"}],"replies":[{"embeddable":true,"href":"https:\/\/cremeriasdelbarrio.com\/index.php\/wp-json\/wp\/v2\/comments?post=93"}],"version-history":[{"count":2,"href":"https:\/\/cremeriasdelbarrio.com\/index.php\/wp-json\/wp\/v2\/pages\/93\/revisions"}],"predecessor-version":[{"id":118,"href":"https:\/\/cremeriasdelbarrio.com\/index.php\/wp-json\/wp\/v2\/pages\/93\/revisions\/118"}],"wp:attachment":[{"href":"https:\/\/cremeriasdelbarrio.com\/index.php\/wp-json\/wp\/v2\/media?parent=93"}],"curies":[{"name":"wp","href":"https:\/\/api.w.org\/{rel}","templated":true}]}}