 {"id":99,"date":"2024-06-19T18:17:45","date_gmt":"2024-06-19T18:17:45","guid":{"rendered":"https:\/\/cremeriasdelbarrio.com\/?page_id=99"},"modified":"2024-06-19T18:33:57","modified_gmt":"2024-06-19T18:33:57","slug":"historia","status":"publish","type":"page","link":"https:\/\/cremeriasdelbarrio.com\/index.php\/historia\/","title":{"rendered":"HISTORIA"},"content":{"rendered":"\n<p>Iniciamos operaciones en el Estado de M\u00e9xico con un negocio familiar en los a\u00f1os 90\u00b4s con<strong> Cremer\u00eda Los Pericos, <\/strong>negocio que prevalece a trav\u00e9s de 30 a\u00f1os siendo l\u00edder de la zona donde se ubica y acreditado con gran \u00e9xito por su calidad y precio.<\/p>\n\n\n\n<p>Emprendimos nuevamente en el a\u00f1o 2006 en la Alcald\u00eda Benito Ju\u00e1rez, CDMX con gran \u00e9xito el Minis\u00faper, S\u00faper Z, que se ha convertido en un negocio indispensable para la proveedur\u00eda de todos los vecinos y comercios de la colonia General Anaya.<\/p>\n\n\n\n<p>Cremer\u00edas del Barrio fue fundada con el firme prop\u00f3sito de servir al p\u00fablico en general, de brindarle una amplia variedad de productos como lo son; Cremer\u00edas, L\u00e1cteos, Abarrotes, Salchichoner\u00eda, Carne para Hamburguesas, entre otros productos.&nbsp;<\/p>\n\n\n\n<p>Y actualmente contamos con 6 sucursales, la primera ubicada en la del Valle y las dem\u00e1s alrededor de la CDMX y Estado de M\u00e9xico donde brindamos la mejor calidad a los mejores precios.\u00a0<\/p>\n","protected":false},"excerpt":{"rendered":"<p>Iniciamos operaciones en el Estado de M\u00e9xico con un negocio familiar en los a\u00f1os 90\u00b4s con Cremer\u00eda Los Pericos, negocio que prevalece a trav\u00e9s de 30 a\u00f1os siendo l\u00edder de la zona donde se ubica y acreditado con gran \u00e9xito por su calidad y precio. Emprendimos nuevamente en el a\u00f1o 2006 en la Alcald\u00eda Benito [&hellip;]<\/p>\n","protected":false},"author":1,"featured_media":0,"parent":0,"menu_order":0,"comment_status":"closed","ping_status":"closed","template":"","meta":{"footnotes":""},"class_list":["post-99","page","type-page","status-publish","hentry"],"_links":{"self":[{"href":"https:\/\/cremeriasdelbarrio.com\/index.php\/wp-json\/wp\/v2\/pages\/99","targetHints":{"allow":["GET"]}}],"collection":[{"href":"https:\/\/cremeriasdelbarrio.com\/index.php\/wp-json\/wp\/v2\/pages"}],"about":[{"href":"https:\/\/cremeriasdelbarrio.com\/index.php\/wp-json\/wp\/v2\/types\/page"}],"author":[{"embeddable":true,"href":"https:\/\/cremeriasdelbarrio.com\/index.php\/wp-json\/wp\/v2\/users\/1"}],"replies":[{"embeddable":true,"href":"https:\/\/cremeriasdelbarrio.com\/index.php\/wp-json\/wp\/v2\/comments?post=99"}],"version-history":[{"count":2,"href":"https:\/\/cremeriasdelbarrio.com\/index.php\/wp-json\/wp\/v2\/pages\/99\/revisions"}],"predecessor-version":[{"id":121,"href":"https:\/\/cremeriasdelbarrio.com\/index.php\/wp-json\/wp\/v2\/pages\/99\/revisions\/121"}],"wp:attachment":[{"href":"https:\/\/cremeriasdelbarrio.com\/index.php\/wp-json\/wp\/v2\/media?parent=99"}],"curies":[{"name":"wp","href":"https:\/\/api.w.org\/{rel}","templated":true}]}}